{"id":10,"date":"2011-02-18T12:03:17","date_gmt":"2011-02-18T11:03:17","guid":{"rendered":"http:\/\/www.stefan-johansson.de\/wordpress\/?page_id=10"},"modified":"2014-06-11T15:28:03","modified_gmt":"2014-06-11T13:28:03","slug":"biografiebiography","status":"publish","type":"page","link":"http:\/\/www.stefan-johansson.de\/wordpress\/?page_id=10","title":{"rendered":"Biografie\/Biography"},"content":{"rendered":"<p><em><strong><small>(english version below)<\/small><\/strong><\/em><\/p>\n<p><img decoding=\"async\" loading=\"lazy\" class=\"alignleft size-full wp-image-249\" title=\"deutsch\" alt=\"deutsch\" src=\"http:\/\/www.stefan-johansson.de\/wordpress\/wp-content\/uploads\/flag_de.jpg\" width=\"16\" height=\"11\" \/> Stefan Johansson wurde 1978 in Lue\u00e5 (Nordschweden) geboren. Fr\u00fch entdeckte er seine Liebe zur Gitarre. 1991 gr\u00fcndete er eine Rockband Namens \u201eVem Vet\u201c (Wer wei\u00df) und wurde damit \u00fcber die Stadtgrenzen seiner Heimatstadt hinaus bekannt. Zeitgleich machte er eine Lehre zum Tanzlehrer und brachte es damit zum Nordschwedischen Meister in \u201eLindy Hop\u201c, einer dem Rock\u2019n\u2019Roll verwandten Tanzform.<\/p>\n<p>Er wandte sich der Stra\u00dfenmusik zu und reiste durch die Welt. Seine Reisen f\u00fchrten ihn neben Schweden und Deutschland unter anderem nach Thailand, Japan sowie Neuseeland. Auf der ganzen Welt sammelte er skurrile und nachdenkliche Geschichten, die er auch in seinen Texten aufgreift.<br \/>\nIn dieser Zeit arbeitete er auch als Pfleger und betreute l\u00e4ngere Zeit behinderte und psychisch kranke Menschen.<\/p>\n<p>Seit 2001 lebt und arbeitet Stefan in Dresden. Als Unterhaltungsmusiker bespielte er Festivals, Stadtfeste und Pubs. Zudem gr\u00fcndete er mit Stefan Other das Rock-Duo \u201eSoul-Seekers\u201c und ist als S\u00e4nger und Gitarrist der dritte Teil des erfolgreichen Folk-Trios \u201eStr\u00f6mkarlen\u201c.<\/p>\n<p>Mit seinem Deb\u00fct-Album \u201eFinding Home\u201c begibt er sich musikalisch erstmals auf Solopfade und wird als \u201eStefan Johansson\u201c allein auf der B\u00fchne stehen. Au\u00dferdem wird er in wechselnder Formation als \u201eStefan Johansson mit Band\u201c unterwegs sein.<\/p>\n<p>2010 ist Dresden auch in pers\u00f6nlicher Hinsicht zum Mittelpunkt seines Lebens geworden. Damit ist der Titel \u201eFinding Home\u201c auch ein Ausdruck daf\u00fcr, dass Stefan seinen Weg nach Hause gefunden hat.<\/p>\n<p>Das Jahr 2013 begann mit einem besonderen Aufnahme-Erlebnis: Die ersten Spuren f\u00fcr die CD &#8218;The Door to the Unknown&#8216; entstanden in einem wundersch\u00f6nen alten Fischerhaus in Ahrenshoop auf dem Dar\u00df. Left (\u201cLeft Style Domizil- Studio\u201d) baute dort ein mobiles Studio auf, und Stefan lie\u00df sich von Sturm und Wellen, von Spazierg\u00e4ngen und guten Gespr\u00e4chen inspirieren und kehrte nicht nach Hause zur\u00fcck, ehe etwas Gutes dabei rausgekommen war. (Album-Release im April 2014 mit anschlie\u00dfenden Release-Fahrrad-Touren in Kooperation mit arche noVa e.V. &#8211; Initiative f\u00fcr Menschen in Not)<\/p>\n<p>Im September 2013 repr\u00e4sentierte Stefan Johansson bei dem \u201eNanning International Folk Festival\u201c, einem der gr\u00f6\u00dften Folk-festivals S\u00fcd-Ost-Chinas, Schweden<\/p>\n<hr \/>\n<p><img decoding=\"async\" loading=\"lazy\" class=\"alignleft size-full wp-image-249\" title=\"english\" src=\"http:\/\/www.stefan-johansson.de\/wordpress\/wp-content\/uploads\/flag_en.jpg\" alt=\"english\" width=\"16\" height=\"11\" \/> Stefan Johansson was born and raised in Lule\u00e5 (North Sweden). At an early age he started to play the guitar and in 1991 he founded the rock band \u201cVem Vet\u201d (Who knows).<br \/>\nAt the same time he became a dancing teacher and also earned the title of champion in the north Swedish competition for the \u201cLindy Hop,\u201d a Rock\u2019n\u2019Roll dance style.<\/p>\n<p>At 19 he set out to see the world and went on the first of many extended trips. He travelled as far as New Zealand and Japan, and started busking with his guitar and voice. Along the journey he had experiences, which were both surreal and thought-provoking, many of which were collected in stories or turned into songs. Back in Sweden, he moved to a town just outside Stockholm. There he worked with physically and mentally handicapped people for a few years, but never stopped making music.<\/p>\n<p>Since 2001, Stefan has lived and worked in Dresden, Germany. As an entertainer and cover singer, he has played a lot of festivals and pubs. He formed an acoustic rock duo, Soul Seekers, and then in 2004 founded the folk band Str\u00f6mkarlen, playing Swedish and Irish folk music.<\/p>\n<p>With the debut \u201cFinding Home,\u201d Stefan has released his first solo album with all originally written and composed songs. Stefan can be seen not only solo on stage, but also with a band.<\/p>\n<p>2010 turned out to be a special year in many ways, so \u201cFinding Home\u201d simply describes the way of finding home\u2026<\/p>\n<p>2013 began with a special recording experience. The first tracks for the CD \u2018The Door to the Unknown\u2019 were made in a wonderful old fishing house in Ahrenshoop on the Island of Dar\u00df. Left (\u201cLeft Style Domizil-Studio\u201d) built a mobile studio there, and Stefan let himself be inspired by the storm and the waves, by longs walks and good conversation and didn\u2019t go back home until something good had been achieved. (Album release in April 2014 with subsequent release bicycle tours in cooperation with arche noVa e.V. \u2013 Initiative for People in Need)<\/p>\n<p>In September 2013, Stefan Johansson represented Sweden at the \u201cNanning International Folk Festival\u201d, one of the largest folk festivals in South-East China.<br \/>\n&nbsp;<\/p>\n","protected":false},"excerpt":{"rendered":"<p>(english version below) Stefan Johansson wurde 1978 in Lue\u00e5 (Nordschweden) geboren. Fr\u00fch entdeckte er seine Liebe zur Gitarre. 1991 gr\u00fcndete er eine Rockband Namens \u201eVem Vet\u201c (Wer wei\u00df) und wurde damit \u00fcber die Stadtgrenzen seiner Heimatstadt hinaus bekannt. Zeitgleich machte er eine Lehre zum Tanzlehrer und brachte es damit zum Nordschwedischen Meister in \u201eLindy Hop\u201c, [&hellip;]<\/p>\n","protected":false},"author":1,"featured_media":0,"parent":0,"menu_order":0,"comment_status":"open","ping_status":"open","template":"","meta":{"footnotes":""},"_links":{"self":[{"href":"http:\/\/www.stefan-johansson.de\/wordpress\/index.php?rest_route=\/wp\/v2\/pages\/10"}],"collection":[{"href":"http:\/\/www.stefan-johansson.de\/wordpress\/index.php?rest_route=\/wp\/v2\/pages"}],"about":[{"href":"http:\/\/www.stefan-johansson.de\/wordpress\/index.php?rest_route=\/wp\/v2\/types\/page"}],"author":[{"embeddable":true,"href":"http:\/\/www.stefan-johansson.de\/wordpress\/index.php?rest_route=\/wp\/v2\/users\/1"}],"replies":[{"embeddable":true,"href":"http:\/\/www.stefan-johansson.de\/wordpress\/index.php?rest_route=%2Fwp%2Fv2%2Fcomments&post=10"}],"version-history":[{"count":10,"href":"http:\/\/www.stefan-johansson.de\/wordpress\/index.php?rest_route=\/wp\/v2\/pages\/10\/revisions"}],"predecessor-version":[{"id":399,"href":"http:\/\/www.stefan-johansson.de\/wordpress\/index.php?rest_route=\/wp\/v2\/pages\/10\/revisions\/399"}],"wp:attachment":[{"href":"http:\/\/www.stefan-johansson.de\/wordpress\/index.php?rest_route=%2Fwp%2Fv2%2Fmedia&parent=10"}],"curies":[{"name":"wp","href":"https:\/\/api.w.org\/{rel}","templated":true}]}}